{"id":157,"date":"2025-07-15T08:48:52","date_gmt":"2025-07-15T08:48:52","guid":{"rendered":"https:\/\/casasoria.es\/?post_type=product&#038;p=157"},"modified":"2025-07-15T08:48:52","modified_gmt":"2025-07-15T08:48:52","slug":"cable-electrico-h05vv-f-2x1-5mm2","status":"publish","type":"product","link":"http:\/\/casasoria.es\/index.php\/producto\/cable-electrico-h05vv-f-2x1-5mm2","title":{"rendered":"CABLE EL\u00c9CTRICO H05VV-F 2X1.5MM2"},"content":{"rendered":"<p>able el\u00e9ctrico H05VV-F 2&#215;1.5mm2 blanco 25m. Estos cables son para esfuerzos mec\u00e1nicos medios (por ejemplo para lavadoras, centrifugadoras y refrigeradores). Con conductor de cobre flexible de secci\u00f3n 2&#215;1.5mm2. Destinado a instalaci\u00f3n en locales dom\u00e9sticos, cocinas y oficinas. Para aparatos dom\u00e9sticos, incluso los que est\u00e9n en locales h\u00famedos. Clasificaci\u00f3n CPR: eca.<\/p>\n","protected":false},"excerpt":{"rendered":"<p>able el\u00e9ctrico H05VV-F 2&#215;1.5mm2 blanco 25m. Estos cables son para esfuerzos mec\u00e1nicos medios (por ejemplo para lavadoras, centrifugadoras y refrigeradores). Con conductor de cobre flexible de secci\u00f3n 2&#215;1.5mm2. Destinado a instalaci\u00f3n en locales dom\u00e9sticos, cocinas y oficinas. Para aparatos dom\u00e9sticos, incluso los que est\u00e9n en locales h\u00famedos. Clasificaci\u00f3n CPR: eca.<\/p>\n","protected":false},"featured_media":158,"comment_status":"open","ping_status":"closed","template":"","meta":{"postBodyCss":"","postBodyMargin":[],"postBodyPadding":[],"postBodyBackground":{"backgroundType":"classic","gradient":""}},"product_brand":[24],"product_cat":[23],"product_tag":[38],"class_list":{"0":"post-157","1":"product","2":"type-product","3":"status-publish","4":"has-post-thumbnail","6":"product_brand-rodi","7":"product_cat-cables-y-mangueras","8":"product_tag-manguera-electrica","10":"first","11":"instock","12":"shipping-taxable","13":"product-type-simple"},"yoast_head":"<!-- This site is optimized with the Yoast SEO plugin v25.4 - https:\/\/yoast.com\/wordpress\/plugins\/seo\/ -->\r\n<title>CABLE EL\u00c9CTRICO H05VV-F 2X1.5MM2 - Casa Soria Electricidad<\/title>\r\n<meta name=\"robots\" content=\"index, follow, max-snippet:-1, max-image-preview:large, max-video-preview:-1\" \/>\r\n<link rel=\"canonical\" href=\"http:\/\/casasoria.es\/index.php\/producto\/cable-electrico-h05vv-f-2x1-5mm2\" \/>\r\n<meta property=\"og:locale\" content=\"es_ES\" \/>\r\n<meta property=\"og:type\" content=\"article\" \/>\r\n<meta property=\"og:title\" content=\"CABLE EL\u00c9CTRICO H05VV-F 2X1.5MM2 - Casa Soria Electricidad\" \/>\r\n<meta property=\"og:description\" content=\"able el\u00e9ctrico H05VV-F 2&#215;1.5mm2 blanco 25m. Estos cables son para esfuerzos mec\u00e1nicos medios (por ejemplo para lavadoras, centrifugadoras y refrigeradores). Con conductor de cobre flexible de secci\u00f3n 2&#215;1.5mm2. Destinado a instalaci\u00f3n en locales dom\u00e9sticos, cocinas y oficinas. Para aparatos dom\u00e9sticos, incluso los que est\u00e9n en locales h\u00famedos. Clasificaci\u00f3n CPR: eca.\" \/>\r\n<meta property=\"og:url\" content=\"http:\/\/casasoria.es\/index.php\/producto\/cable-electrico-h05vv-f-2x1-5mm2\" \/>\r\n<meta property=\"og:site_name\" content=\"Casa Soria Electricidad\" \/>\r\n<meta property=\"og:image\" content=\"http:\/\/casasoria.es\/wp-content\/uploads\/2025\/07\/Captura-de-pantalla-2025-07-15-a-las-10.46.47.png\" \/>\r\n\t<meta property=\"og:image:width\" content=\"926\" \/>\r\n\t<meta property=\"og:image:height\" content=\"856\" \/>\r\n\t<meta property=\"og:image:type\" content=\"image\/png\" \/>\r\n<meta name=\"twitter:card\" content=\"summary_large_image\" \/>\r\n<meta name=\"twitter:label1\" content=\"Tiempo de lectura\" \/>\n\t<meta name=\"twitter:data1\" content=\"1 minuto\" \/>\r\n<script type=\"application\/ld+json\" class=\"yoast-schema-graph\">{\"@context\":\"https:\/\/schema.org\",\"@graph\":[{\"@type\":\"WebPage\",\"@id\":\"http:\/\/casasoria.es\/index.php\/producto\/cable-electrico-h05vv-f-2x1-5mm2\",\"url\":\"http:\/\/casasoria.es\/index.php\/producto\/cable-electrico-h05vv-f-2x1-5mm2\",\"name\":\"CABLE EL\u00c9CTRICO H05VV-F 2X1.5MM2 - Casa Soria Electricidad\",\"isPartOf\":{\"@id\":\"http:\/\/casasoria.es\/#website\"},\"primaryImageOfPage\":{\"@id\":\"http:\/\/casasoria.es\/index.php\/producto\/cable-electrico-h05vv-f-2x1-5mm2#primaryimage\"},\"image\":{\"@id\":\"http:\/\/casasoria.es\/index.php\/producto\/cable-electrico-h05vv-f-2x1-5mm2#primaryimage\"},\"thumbnailUrl\":\"http:\/\/casasoria.es\/wp-content\/uploads\/2025\/07\/Captura-de-pantalla-2025-07-15-a-las-10.46.47.png\",\"datePublished\":\"2025-07-15T08:48:52+00:00\",\"breadcrumb\":{\"@id\":\"http:\/\/casasoria.es\/index.php\/producto\/cable-electrico-h05vv-f-2x1-5mm2#breadcrumb\"},\"inLanguage\":\"es\",\"potentialAction\":[{\"@type\":\"ReadAction\",\"target\":[\"http:\/\/casasoria.es\/index.php\/producto\/cable-electrico-h05vv-f-2x1-5mm2\"]}]},{\"@type\":\"ImageObject\",\"inLanguage\":\"es\",\"@id\":\"http:\/\/casasoria.es\/index.php\/producto\/cable-electrico-h05vv-f-2x1-5mm2#primaryimage\",\"url\":\"http:\/\/casasoria.es\/wp-content\/uploads\/2025\/07\/Captura-de-pantalla-2025-07-15-a-las-10.46.47.png\",\"contentUrl\":\"http:\/\/casasoria.es\/wp-content\/uploads\/2025\/07\/Captura-de-pantalla-2025-07-15-a-las-10.46.47.png\",\"width\":926,\"height\":856},{\"@type\":\"BreadcrumbList\",\"@id\":\"http:\/\/casasoria.es\/index.php\/producto\/cable-electrico-h05vv-f-2x1-5mm2#breadcrumb\",\"itemListElement\":[{\"@type\":\"ListItem\",\"position\":1,\"name\":\"Portada\",\"item\":\"http:\/\/casasoria.es\/\"},{\"@type\":\"ListItem\",\"position\":2,\"name\":\"Tienda\",\"item\":\"http:\/\/casasoria.es\/index.php\/tienda\"},{\"@type\":\"ListItem\",\"position\":3,\"name\":\"CABLE EL\u00c9CTRICO H05VV-F 2X1.5MM2\"}]},{\"@type\":\"WebSite\",\"@id\":\"http:\/\/casasoria.es\/#website\",\"url\":\"http:\/\/casasoria.es\/\",\"name\":\"Casa Soria Electricidad\",\"description\":\"Almac\u00e9n el\u00e9ctrico desde 1939\",\"potentialAction\":[{\"@type\":\"SearchAction\",\"target\":{\"@type\":\"EntryPoint\",\"urlTemplate\":\"http:\/\/casasoria.es\/?s={search_term_string}\"},\"query-input\":{\"@type\":\"PropertyValueSpecification\",\"valueRequired\":true,\"valueName\":\"search_term_string\"}}],\"inLanguage\":\"es\"}]}<\/script>\r\n<!-- \/ Yoast SEO plugin. -->","yoast_head_json":{"title":"CABLE EL\u00c9CTRICO H05VV-F 2X1.5MM2 - Casa Soria Electricidad","robots":{"index":"index","follow":"follow","max-snippet":"max-snippet:-1","max-image-preview":"max-image-preview:large","max-video-preview":"max-video-preview:-1"},"canonical":"http:\/\/casasoria.es\/index.php\/producto\/cable-electrico-h05vv-f-2x1-5mm2","og_locale":"es_ES","og_type":"article","og_title":"CABLE EL\u00c9CTRICO H05VV-F 2X1.5MM2 - Casa Soria Electricidad","og_description":"able el\u00e9ctrico H05VV-F 2&#215;1.5mm2 blanco 25m. Estos cables son para esfuerzos mec\u00e1nicos medios (por ejemplo para lavadoras, centrifugadoras y refrigeradores). Con conductor de cobre flexible de secci\u00f3n 2&#215;1.5mm2. Destinado a instalaci\u00f3n en locales dom\u00e9sticos, cocinas y oficinas. Para aparatos dom\u00e9sticos, incluso los que est\u00e9n en locales h\u00famedos. Clasificaci\u00f3n CPR: eca.","og_url":"http:\/\/casasoria.es\/index.php\/producto\/cable-electrico-h05vv-f-2x1-5mm2","og_site_name":"Casa Soria Electricidad","og_image":[{"width":926,"height":856,"url":"http:\/\/casasoria.es\/wp-content\/uploads\/2025\/07\/Captura-de-pantalla-2025-07-15-a-las-10.46.47.png","type":"image\/png"}],"twitter_card":"summary_large_image","twitter_misc":{"Tiempo de lectura":"1 minuto"},"schema":{"@context":"https:\/\/schema.org","@graph":[{"@type":"WebPage","@id":"http:\/\/casasoria.es\/index.php\/producto\/cable-electrico-h05vv-f-2x1-5mm2","url":"http:\/\/casasoria.es\/index.php\/producto\/cable-electrico-h05vv-f-2x1-5mm2","name":"CABLE EL\u00c9CTRICO H05VV-F 2X1.5MM2 - Casa Soria Electricidad","isPartOf":{"@id":"http:\/\/casasoria.es\/#website"},"primaryImageOfPage":{"@id":"http:\/\/casasoria.es\/index.php\/producto\/cable-electrico-h05vv-f-2x1-5mm2#primaryimage"},"image":{"@id":"http:\/\/casasoria.es\/index.php\/producto\/cable-electrico-h05vv-f-2x1-5mm2#primaryimage"},"thumbnailUrl":"http:\/\/casasoria.es\/wp-content\/uploads\/2025\/07\/Captura-de-pantalla-2025-07-15-a-las-10.46.47.png","datePublished":"2025-07-15T08:48:52+00:00","breadcrumb":{"@id":"http:\/\/casasoria.es\/index.php\/producto\/cable-electrico-h05vv-f-2x1-5mm2#breadcrumb"},"inLanguage":"es","potentialAction":[{"@type":"ReadAction","target":["http:\/\/casasoria.es\/index.php\/producto\/cable-electrico-h05vv-f-2x1-5mm2"]}]},{"@type":"ImageObject","inLanguage":"es","@id":"http:\/\/casasoria.es\/index.php\/producto\/cable-electrico-h05vv-f-2x1-5mm2#primaryimage","url":"http:\/\/casasoria.es\/wp-content\/uploads\/2025\/07\/Captura-de-pantalla-2025-07-15-a-las-10.46.47.png","contentUrl":"http:\/\/casasoria.es\/wp-content\/uploads\/2025\/07\/Captura-de-pantalla-2025-07-15-a-las-10.46.47.png","width":926,"height":856},{"@type":"BreadcrumbList","@id":"http:\/\/casasoria.es\/index.php\/producto\/cable-electrico-h05vv-f-2x1-5mm2#breadcrumb","itemListElement":[{"@type":"ListItem","position":1,"name":"Portada","item":"http:\/\/casasoria.es\/"},{"@type":"ListItem","position":2,"name":"Tienda","item":"http:\/\/casasoria.es\/index.php\/tienda"},{"@type":"ListItem","position":3,"name":"CABLE EL\u00c9CTRICO H05VV-F 2X1.5MM2"}]},{"@type":"WebSite","@id":"http:\/\/casasoria.es\/#website","url":"http:\/\/casasoria.es\/","name":"Casa Soria Electricidad","description":"Almac\u00e9n el\u00e9ctrico desde 1939","potentialAction":[{"@type":"SearchAction","target":{"@type":"EntryPoint","urlTemplate":"http:\/\/casasoria.es\/?s={search_term_string}"},"query-input":{"@type":"PropertyValueSpecification","valueRequired":true,"valueName":"search_term_string"}}],"inLanguage":"es"}]}},"_links":{"self":[{"href":"http:\/\/casasoria.es\/index.php\/wp-json\/wp\/v2\/product\/157","targetHints":{"allow":["GET"]}}],"collection":[{"href":"http:\/\/casasoria.es\/index.php\/wp-json\/wp\/v2\/product"}],"about":[{"href":"http:\/\/casasoria.es\/index.php\/wp-json\/wp\/v2\/types\/product"}],"replies":[{"embeddable":true,"href":"http:\/\/casasoria.es\/index.php\/wp-json\/wp\/v2\/comments?post=157"}],"wp:featuredmedia":[{"embeddable":true,"href":"http:\/\/casasoria.es\/index.php\/wp-json\/wp\/v2\/media\/158"}],"wp:attachment":[{"href":"http:\/\/casasoria.es\/index.php\/wp-json\/wp\/v2\/media?parent=157"}],"wp:term":[{"taxonomy":"product_brand","embeddable":true,"href":"http:\/\/casasoria.es\/index.php\/wp-json\/wp\/v2\/product_brand?post=157"},{"taxonomy":"product_cat","embeddable":true,"href":"http:\/\/casasoria.es\/index.php\/wp-json\/wp\/v2\/product_cat?post=157"},{"taxonomy":"product_tag","embeddable":true,"href":"http:\/\/casasoria.es\/index.php\/wp-json\/wp\/v2\/product_tag?post=157"}],"curies":[{"name":"wp","href":"https:\/\/api.w.org\/{rel}","templated":true}]}}