{"id":155,"date":"2025-07-15T08:45:31","date_gmt":"2025-07-15T08:45:31","guid":{"rendered":"https:\/\/casasoria.es\/?post_type=product&#038;p=155"},"modified":"2025-07-15T08:45:32","modified_gmt":"2025-07-15T08:45:32","slug":"cable-electrico-plano-h05vvh2-f-2x1mm22","status":"publish","type":"product","link":"http:\/\/casasoria.es\/index.php\/producto\/cable-electrico-plano-h05vvh2-f-2x1mm22","title":{"rendered":"CABLE EL\u00c9CTRICO PLANO H05VVH2-F 2X1MM22"},"content":{"rendered":"<p>Este <b>cable plano H05VVH2-F 2x1mm\u00b2<\/b> es ideal para <b>instalaciones dom\u00e9sticas, cocinas y oficinas<\/b>. Dise\u00f1ado para <b>esfuerzos mec\u00e1nicos ligeros<\/b>, es perfecto para la conexi\u00f3n de <b>aparatos port\u00e1tiles de baja potencia<\/b>.<\/p>\n<p>Cuenta con un <b>conductor de cobre flexible<\/b> y un aislamiento de PVC tipo TI2 con cubierta TM2, garantizando una <b>tensi\u00f3n asignada de 300\/500V<\/b>.<\/p>\n","protected":false},"excerpt":{"rendered":"<p>Este <b>cable plano H05VVH2-F 2x1mm\u00b2<\/b> es ideal para <b>instalaciones dom\u00e9sticas, cocinas y oficinas<\/b>. Dise\u00f1ado para <b>esfuerzos mec\u00e1nicos ligeros<\/b>, es perfecto para la conexi\u00f3n de <b>aparatos port\u00e1tiles de baja potencia<\/b>.<\/p>\n<p>Cuenta con un <b>conductor de cobre flexible<\/b> y un aislamiento de PVC tipo TI2 con cubierta TM2, garantizando una <b>tensi\u00f3n asignada de 300\/500V<\/b>.<\/p>\n","protected":false},"featured_media":156,"comment_status":"open","ping_status":"closed","template":"","meta":{"postBodyCss":"","postBodyMargin":[],"postBodyPadding":[],"postBodyBackground":{"backgroundType":"classic","gradient":""}},"product_brand":[24],"product_cat":[23],"product_tag":[38],"class_list":{"0":"post-155","1":"product","2":"type-product","3":"status-publish","4":"has-post-thumbnail","6":"product_brand-rodi","7":"product_cat-cables-y-mangueras","8":"product_tag-manguera-electrica","10":"first","11":"instock","12":"shipping-taxable","13":"product-type-simple"},"yoast_head":"<!-- This site is optimized with the Yoast SEO plugin v25.4 - https:\/\/yoast.com\/wordpress\/plugins\/seo\/ -->\r\n<title>CABLE EL\u00c9CTRICO PLANO H05VVH2-F 2X1MM22 - Casa Soria Electricidad<\/title>\r\n<meta name=\"robots\" content=\"index, follow, max-snippet:-1, max-image-preview:large, max-video-preview:-1\" \/>\r\n<link rel=\"canonical\" href=\"http:\/\/casasoria.es\/index.php\/producto\/cable-electrico-plano-h05vvh2-f-2x1mm22\" \/>\r\n<meta property=\"og:locale\" content=\"es_ES\" \/>\r\n<meta property=\"og:type\" content=\"article\" \/>\r\n<meta property=\"og:title\" content=\"CABLE EL\u00c9CTRICO PLANO H05VVH2-F 2X1MM22 - Casa Soria Electricidad\" \/>\r\n<meta property=\"og:description\" content=\"Este cable plano H05VVH2-F 2x1mm\u00b2 es ideal para instalaciones dom\u00e9sticas, cocinas y oficinas. Dise\u00f1ado para esfuerzos mec\u00e1nicos ligeros, es perfecto para la conexi\u00f3n de aparatos port\u00e1tiles de baja potencia.  Cuenta con un conductor de cobre flexible y un aislamiento de PVC tipo TI2 con cubierta TM2, garantizando una tensi\u00f3n asignada de 300\/500V.\" \/>\r\n<meta property=\"og:url\" content=\"http:\/\/casasoria.es\/index.php\/producto\/cable-electrico-plano-h05vvh2-f-2x1mm22\" \/>\r\n<meta property=\"og:site_name\" content=\"Casa Soria Electricidad\" \/>\r\n<meta property=\"article:modified_time\" content=\"2025-07-15T08:45:32+00:00\" \/>\r\n<meta property=\"og:image\" content=\"http:\/\/casasoria.es\/wp-content\/uploads\/2025\/07\/Captura-de-pantalla-2025-07-15-a-las-10.41.35.png\" \/>\r\n\t<meta property=\"og:image:width\" content=\"1038\" \/>\r\n\t<meta property=\"og:image:height\" content=\"602\" \/>\r\n\t<meta property=\"og:image:type\" content=\"image\/png\" \/>\r\n<meta name=\"twitter:card\" content=\"summary_large_image\" \/>\r\n<meta name=\"twitter:label1\" content=\"Tiempo de lectura\" \/>\n\t<meta name=\"twitter:data1\" content=\"1 minuto\" \/>\r\n<script type=\"application\/ld+json\" class=\"yoast-schema-graph\">{\"@context\":\"https:\/\/schema.org\",\"@graph\":[{\"@type\":\"WebPage\",\"@id\":\"http:\/\/casasoria.es\/index.php\/producto\/cable-electrico-plano-h05vvh2-f-2x1mm22\",\"url\":\"http:\/\/casasoria.es\/index.php\/producto\/cable-electrico-plano-h05vvh2-f-2x1mm22\",\"name\":\"CABLE EL\u00c9CTRICO PLANO H05VVH2-F 2X1MM22 - Casa Soria Electricidad\",\"isPartOf\":{\"@id\":\"http:\/\/casasoria.es\/#website\"},\"primaryImageOfPage\":{\"@id\":\"http:\/\/casasoria.es\/index.php\/producto\/cable-electrico-plano-h05vvh2-f-2x1mm22#primaryimage\"},\"image\":{\"@id\":\"http:\/\/casasoria.es\/index.php\/producto\/cable-electrico-plano-h05vvh2-f-2x1mm22#primaryimage\"},\"thumbnailUrl\":\"http:\/\/casasoria.es\/wp-content\/uploads\/2025\/07\/Captura-de-pantalla-2025-07-15-a-las-10.41.35.png\",\"datePublished\":\"2025-07-15T08:45:31+00:00\",\"dateModified\":\"2025-07-15T08:45:32+00:00\",\"breadcrumb\":{\"@id\":\"http:\/\/casasoria.es\/index.php\/producto\/cable-electrico-plano-h05vvh2-f-2x1mm22#breadcrumb\"},\"inLanguage\":\"es\",\"potentialAction\":[{\"@type\":\"ReadAction\",\"target\":[\"http:\/\/casasoria.es\/index.php\/producto\/cable-electrico-plano-h05vvh2-f-2x1mm22\"]}]},{\"@type\":\"ImageObject\",\"inLanguage\":\"es\",\"@id\":\"http:\/\/casasoria.es\/index.php\/producto\/cable-electrico-plano-h05vvh2-f-2x1mm22#primaryimage\",\"url\":\"http:\/\/casasoria.es\/wp-content\/uploads\/2025\/07\/Captura-de-pantalla-2025-07-15-a-las-10.41.35.png\",\"contentUrl\":\"http:\/\/casasoria.es\/wp-content\/uploads\/2025\/07\/Captura-de-pantalla-2025-07-15-a-las-10.41.35.png\",\"width\":1038,\"height\":602},{\"@type\":\"BreadcrumbList\",\"@id\":\"http:\/\/casasoria.es\/index.php\/producto\/cable-electrico-plano-h05vvh2-f-2x1mm22#breadcrumb\",\"itemListElement\":[{\"@type\":\"ListItem\",\"position\":1,\"name\":\"Portada\",\"item\":\"http:\/\/casasoria.es\/\"},{\"@type\":\"ListItem\",\"position\":2,\"name\":\"Tienda\",\"item\":\"http:\/\/casasoria.es\/index.php\/tienda\"},{\"@type\":\"ListItem\",\"position\":3,\"name\":\"CABLE EL\u00c9CTRICO PLANO H05VVH2-F 2X1MM22\"}]},{\"@type\":\"WebSite\",\"@id\":\"http:\/\/casasoria.es\/#website\",\"url\":\"http:\/\/casasoria.es\/\",\"name\":\"Casa Soria Electricidad\",\"description\":\"Almac\u00e9n el\u00e9ctrico desde 1939\",\"potentialAction\":[{\"@type\":\"SearchAction\",\"target\":{\"@type\":\"EntryPoint\",\"urlTemplate\":\"http:\/\/casasoria.es\/?s={search_term_string}\"},\"query-input\":{\"@type\":\"PropertyValueSpecification\",\"valueRequired\":true,\"valueName\":\"search_term_string\"}}],\"inLanguage\":\"es\"}]}<\/script>\r\n<!-- \/ Yoast SEO plugin. -->","yoast_head_json":{"title":"CABLE EL\u00c9CTRICO PLANO H05VVH2-F 2X1MM22 - Casa Soria Electricidad","robots":{"index":"index","follow":"follow","max-snippet":"max-snippet:-1","max-image-preview":"max-image-preview:large","max-video-preview":"max-video-preview:-1"},"canonical":"http:\/\/casasoria.es\/index.php\/producto\/cable-electrico-plano-h05vvh2-f-2x1mm22","og_locale":"es_ES","og_type":"article","og_title":"CABLE EL\u00c9CTRICO PLANO H05VVH2-F 2X1MM22 - Casa Soria Electricidad","og_description":"Este cable plano H05VVH2-F 2x1mm\u00b2 es ideal para instalaciones dom\u00e9sticas, cocinas y oficinas. Dise\u00f1ado para esfuerzos mec\u00e1nicos ligeros, es perfecto para la conexi\u00f3n de aparatos port\u00e1tiles de baja potencia.  Cuenta con un conductor de cobre flexible y un aislamiento de PVC tipo TI2 con cubierta TM2, garantizando una tensi\u00f3n asignada de 300\/500V.","og_url":"http:\/\/casasoria.es\/index.php\/producto\/cable-electrico-plano-h05vvh2-f-2x1mm22","og_site_name":"Casa Soria Electricidad","article_modified_time":"2025-07-15T08:45:32+00:00","og_image":[{"width":1038,"height":602,"url":"http:\/\/casasoria.es\/wp-content\/uploads\/2025\/07\/Captura-de-pantalla-2025-07-15-a-las-10.41.35.png","type":"image\/png"}],"twitter_card":"summary_large_image","twitter_misc":{"Tiempo de lectura":"1 minuto"},"schema":{"@context":"https:\/\/schema.org","@graph":[{"@type":"WebPage","@id":"http:\/\/casasoria.es\/index.php\/producto\/cable-electrico-plano-h05vvh2-f-2x1mm22","url":"http:\/\/casasoria.es\/index.php\/producto\/cable-electrico-plano-h05vvh2-f-2x1mm22","name":"CABLE EL\u00c9CTRICO PLANO H05VVH2-F 2X1MM22 - Casa Soria Electricidad","isPartOf":{"@id":"http:\/\/casasoria.es\/#website"},"primaryImageOfPage":{"@id":"http:\/\/casasoria.es\/index.php\/producto\/cable-electrico-plano-h05vvh2-f-2x1mm22#primaryimage"},"image":{"@id":"http:\/\/casasoria.es\/index.php\/producto\/cable-electrico-plano-h05vvh2-f-2x1mm22#primaryimage"},"thumbnailUrl":"http:\/\/casasoria.es\/wp-content\/uploads\/2025\/07\/Captura-de-pantalla-2025-07-15-a-las-10.41.35.png","datePublished":"2025-07-15T08:45:31+00:00","dateModified":"2025-07-15T08:45:32+00:00","breadcrumb":{"@id":"http:\/\/casasoria.es\/index.php\/producto\/cable-electrico-plano-h05vvh2-f-2x1mm22#breadcrumb"},"inLanguage":"es","potentialAction":[{"@type":"ReadAction","target":["http:\/\/casasoria.es\/index.php\/producto\/cable-electrico-plano-h05vvh2-f-2x1mm22"]}]},{"@type":"ImageObject","inLanguage":"es","@id":"http:\/\/casasoria.es\/index.php\/producto\/cable-electrico-plano-h05vvh2-f-2x1mm22#primaryimage","url":"http:\/\/casasoria.es\/wp-content\/uploads\/2025\/07\/Captura-de-pantalla-2025-07-15-a-las-10.41.35.png","contentUrl":"http:\/\/casasoria.es\/wp-content\/uploads\/2025\/07\/Captura-de-pantalla-2025-07-15-a-las-10.41.35.png","width":1038,"height":602},{"@type":"BreadcrumbList","@id":"http:\/\/casasoria.es\/index.php\/producto\/cable-electrico-plano-h05vvh2-f-2x1mm22#breadcrumb","itemListElement":[{"@type":"ListItem","position":1,"name":"Portada","item":"http:\/\/casasoria.es\/"},{"@type":"ListItem","position":2,"name":"Tienda","item":"http:\/\/casasoria.es\/index.php\/tienda"},{"@type":"ListItem","position":3,"name":"CABLE EL\u00c9CTRICO PLANO H05VVH2-F 2X1MM22"}]},{"@type":"WebSite","@id":"http:\/\/casasoria.es\/#website","url":"http:\/\/casasoria.es\/","name":"Casa Soria Electricidad","description":"Almac\u00e9n el\u00e9ctrico desde 1939","potentialAction":[{"@type":"SearchAction","target":{"@type":"EntryPoint","urlTemplate":"http:\/\/casasoria.es\/?s={search_term_string}"},"query-input":{"@type":"PropertyValueSpecification","valueRequired":true,"valueName":"search_term_string"}}],"inLanguage":"es"}]}},"_links":{"self":[{"href":"http:\/\/casasoria.es\/index.php\/wp-json\/wp\/v2\/product\/155","targetHints":{"allow":["GET"]}}],"collection":[{"href":"http:\/\/casasoria.es\/index.php\/wp-json\/wp\/v2\/product"}],"about":[{"href":"http:\/\/casasoria.es\/index.php\/wp-json\/wp\/v2\/types\/product"}],"replies":[{"embeddable":true,"href":"http:\/\/casasoria.es\/index.php\/wp-json\/wp\/v2\/comments?post=155"}],"wp:featuredmedia":[{"embeddable":true,"href":"http:\/\/casasoria.es\/index.php\/wp-json\/wp\/v2\/media\/156"}],"wp:attachment":[{"href":"http:\/\/casasoria.es\/index.php\/wp-json\/wp\/v2\/media?parent=155"}],"wp:term":[{"taxonomy":"product_brand","embeddable":true,"href":"http:\/\/casasoria.es\/index.php\/wp-json\/wp\/v2\/product_brand?post=155"},{"taxonomy":"product_cat","embeddable":true,"href":"http:\/\/casasoria.es\/index.php\/wp-json\/wp\/v2\/product_cat?post=155"},{"taxonomy":"product_tag","embeddable":true,"href":"http:\/\/casasoria.es\/index.php\/wp-json\/wp\/v2\/product_tag?post=155"}],"curies":[{"name":"wp","href":"https:\/\/api.w.org\/{rel}","templated":true}]}}